{"id":15873,"date":"2024-07-04T10:50:33","date_gmt":"2024-07-04T10:50:33","guid":{"rendered":"https:\/\/www.alphadentalclinic.ca\/canadian-dental-care-plan\/"},"modified":"2026-02-23T17:31:02","modified_gmt":"2026-02-23T17:31:02","slug":"regime-canadien-de-soins-dentaires","status":"publish","type":"page","link":"https:\/\/www.alphadentalclinic.ca\/fr\/regime-canadien-de-soins-dentaires\/","title":{"rendered":"R\u00e9gime canadien de soins dentaires"},"content":{"rendered":"<style type=\"text\/css\"> \n#cmsms_row_69f8e226cdf862_57991630 .cmsms_row_outer_parent { \n\tpadding-top: 50px; \n} \n\n#cmsms_row_69f8e226cdf862_57991630 .cmsms_row_outer_parent { \n\tpadding-bottom: 50px; \n} \n\n \n#cmsms_heading_69f8e226ce9cb4_36811753 { \n\ttext-align:left; \n\tmargin-top:0px; \n\tmargin-bottom:20px; \n} \n\n#cmsms_heading_69f8e226ce9cb4_36811753 .cmsms_heading { \n\ttext-align:left; \n} \n\n#cmsms_heading_69f8e226ce9cb4_36811753 .cmsms_heading, #cmsms_heading_69f8e226ce9cb4_36811753 .cmsms_heading a { \n\tfont-weight:bold; \n\tfont-style:normal; \n\tcolor:#00a1e9;\n} \n\n#cmsms_heading_69f8e226ce9cb4_36811753 .cmsms_heading_divider { \n} \n\n \n#cmsms_row_69f8e226ceb079_45163130 .cmsms_row_outer_parent { \n\tpadding-top: 0px; \n} \n\n#cmsms_row_69f8e226ceb079_45163130 .cmsms_row_outer_parent { \n\tpadding-bottom: 50px; \n} \n\n \n#cmsms_row_69f8e226cee784_34104879 .cmsms_row_outer_parent { \n\tpadding-top: 0px; \n} \n\n#cmsms_row_69f8e226cee784_34104879 .cmsms_row_outer_parent { \n\tpadding-bottom: 50px; \n} \n\n \n#cmsms_heading_69f8e226cf0c98_07073429 { \n\ttext-align:left; \n\tmargin-top:0px; \n\tmargin-bottom:20px; \n} \n\n#cmsms_heading_69f8e226cf0c98_07073429 .cmsms_heading { \n\ttext-align:left; \n} \n\n#cmsms_heading_69f8e226cf0c98_07073429 .cmsms_heading, #cmsms_heading_69f8e226cf0c98_07073429 .cmsms_heading a { \n\tfont-weight:bold; \n\tfont-style:normal; \n\tcolor:#00a1e9;\n} \n\n#cmsms_heading_69f8e226cf0c98_07073429 .cmsms_heading_divider { \n} \n\n<\/style><div id=\"cmsms_row_69f8e226cdf862_57991630\" class=\"cmsms_row cmsms_color_scheme_default vertical_center\">\n<div class=\"cmsms_row_outer_parent\">\n<div class=\"cmsms_row_outer\">\n<div class=\"cmsms_row_inner\">\n<div class=\"cmsms_row_margin\">\n<div class=\"cmsms_column one_third\">\n<div class=\"aligncenter\">\n<div class=\"cmsms_img  cmsms_image_c\">\n<img decoding=\"async\" src=\"https:\/\/www.alphadentalclinic.ca\/wp-content\/uploads\/2024\/07\/Eligibility.jpg\" alt=\"Eligibility\" \/>\n<\/div>\n<\/div>\n<\/div>\n<div class=\"cmsms_column two_third\">\n\n<div id=\"cmsms_heading_69f8e226ce9cb4_36811753\" class=\"cmsms_heading_wrap cmsms_heading_align_left\">\n\t<h2 class=\"cmsms_heading\">Admissibilit\u00e9<\/h2>\n<\/div><div class=\"cmsms_text\">\n<p><strong>Le R\u00e9gime canadien de soins dentaires (RCSD) est une initiative f\u00e9d\u00e9rale visant \u00e0 fournir des services de soins dentaires essentiels aux r\u00e9sidents canadiens admissibles. Ce programme a pour objectif de r\u00e9duire les obstacles financiers aux soins de sant\u00e9 bucco-dentaire, afin de garantir qu&rsquo;un plus grand nombre de Canadiens puissent avoir acc\u00e8s aux traitements dentaires n\u00e9cessaires.<\/strong><\/p>\n<\/div>\n<\/div>\n<\/div>\n<\/div>\n<\/div>\n<\/div>\n<\/div>\n<div id=\"cmsms_row_69f8e226ceb079_45163130\" class=\"cmsms_row cmsms_color_scheme_default vertical_center\">\n<div class=\"cmsms_row_outer_parent\">\n<div class=\"cmsms_row_outer\">\n<div class=\"cmsms_row_inner\">\n<div class=\"cmsms_row_margin\">\n<div class=\"cmsms_column one_first\">\n<div class=\"custom_html\">\n<div id=\"cdcp-intro\"><em>Les renseignements ci-dessous offrent un aper?u du programme du RCSD. Pour en savoir plus, visitez le <a href=\"https:\/\/www.canada.ca\/fr\/services\/prestations\/dentaire\/regime-soins-dentaires.html\" target=\"_blank\" rel=\"noopener\">site Web officiel du gouvernement du Canada<\/a> ou <a href=\"https:\/\/www.alphadentalclinic.ca\/fr\/contactez-nous\/\">communiquez avec nous<\/a> si vous souhaitez prendre un rendez-vous.<\/em><\/div>\n<hr \/>\n<div id=\"cdcp-section-container\"><\/div>\n<hr \/>\n<div id=\"cdcp-outro\"><em>Les informations ci-dessus offrent un aper?u du programme du RCSD. Pour en savoir plus, visitez le <a href=\"https:\/\/www.canada.ca\/fr\/services\/prestations\/dentaire\/regime-soins-dentaires.html\" target=\"_blank\" rel=\"noopener\">site Web du gouvernement du Canada<\/a> ou <a href=\"https:\/\/www.alphadentalclinic.ca\/fr\/contactez-nous\/\">communiquez avec nous<\/a> si vous souhaitez prendre rendez-vous.<\/em><\/div>\n<p><script>\n    (function (w, d) {\n        var loader = function () {\n            var s = d.createElement(\"script\"),\n                tag = d.getElementsByTagName(\"script\")[0];\n            s.src = \"https:\/\/regimescanadadesoinsdentaires.ca\/assets\/cdcp-external-fr.js\";\n            tag.parentNode.insertBefore(s, tag);\n        };\n        if (w.addEventListener) {\n            w.addEventListener(\"load\", loader, false);\n        } else if (w.attachEvent) {\n            w.attachEvent(\"onload\", loader);\n        } else {\n            w.onload = loader;\n        }\n    })(window, document);\n<\/script><\/p>\n<\/div>\n<\/div>\n<\/div>\n<\/div>\n<\/div>\n<\/div>\n<\/div>\n<div id=\"cmsms_row_69f8e226cee784_34104879\" class=\"cmsms_row cmsms_color_scheme_default\">\n<div class=\"cmsms_row_outer_parent\">\n<div class=\"cmsms_row_outer\">\n<div class=\"cmsms_row_inner\">\n<div class=\"cmsms_row_margin\">\n<div class=\"cmsms_column one_first\">\n\n<div id=\"cmsms_heading_69f8e226cf0c98_07073429\" class=\"cmsms_heading_wrap cmsms_heading_align_left\">\n\t<h2 class=\"cmsms_heading\">Prenez rendez-vous avec la clinique dentaire Alpha<\/h2>\n<\/div><div class=\"cmsms_text\">\n<p>Nous sommes heureux d\u2019annoncer qu\u2019Alpha Dental Clinic accepte les patients inscrits au R\u00e9gime canadien de soins dentaires (RCSD). Si vous \u00eates d\u00e9j\u00e0 inscrit au RCSD, vous pouvez d\u00e8s maintenant prendre rendez-vous avec nous. Nos dentistes exp\u00e9riment\u00e9s sont l\u00e0 pour vous offrir des soins dentaires de haute qualit\u00e9 couverts par le r\u00e9gime.<\/p>\n<p>Pour planifier votre rendez-vous, visitez notre <a href=\"https:\/\/www.alphadentalclinic.ca\/fr\/contactez-nous\/\" target=\"_blank\" rel=\"noopener\">clinique de Montr\u00e9al<\/a> ou notre <a href=\"https:\/\/www.alphadentalclinic.ca\/contact-dentist-emergency-dental-services-brossard\/\" target=\"_blank\" rel=\"noopener\">clinique de Brossard<\/a>.<\/p>\n<p>Appelez-nous au <a href=\"tel:+14508126888\">(450) 812-6888<\/a> (Brossard) ou au <a href=\"tel:+15149340404\">(514) 934-0404<\/a> (Montr\u00e9al).<\/p>\n<\/div>\n<\/div>\n<\/div>\n<\/div>\n<\/div>\n<\/div>\n<\/div>\n\n","protected":false},"excerpt":{"rendered":"","protected":false},"author":4,"featured_media":0,"parent":0,"menu_order":0,"comment_status":"closed","ping_status":"closed","template":"","meta":{"footnotes":""},"class_list":["post-15873","page","type-page","status-publish","hentry"],"yoast_head":"<!-- This site is optimized with the Yoast SEO plugin v27.3 - https:\/\/yoast.com\/product\/yoast-seo-wordpress\/ -->\n<title>R\u00e9gime canadien de soins dentaires - Alpha Dental Clinic<\/title>\n<meta name=\"description\" content=\"D\u00e9couvrez notre r\u00e9gime de soins dentaires canadien \u00e0 la clinique dentaire Alpha. Nous offrons des solutions de soins dentaires compl\u00e8tes et abordables \u00e0 tous les Canadiens. Apprenez-en davantage d\u00e8s aujourd&#039;hui.\" \/>\n<meta name=\"robots\" content=\"index, follow, max-snippet:-1, max-image-preview:large, max-video-preview:-1\" \/>\n<link rel=\"canonical\" href=\"https:\/\/www.alphadentalclinic.ca\/fr\/regime-canadien-de-soins-dentaires\/\" \/>\n<meta property=\"og:locale\" content=\"fr_FR\" \/>\n<meta property=\"og:type\" content=\"article\" \/>\n<meta property=\"og:title\" content=\"R\u00e9gime canadien de soins dentaires - Alpha Dental Clinic\" \/>\n<meta property=\"og:description\" content=\"D\u00e9couvrez notre r\u00e9gime de soins dentaires canadien \u00e0 la clinique dentaire Alpha. Nous offrons des solutions de soins dentaires compl\u00e8tes et abordables \u00e0 tous les Canadiens. Apprenez-en davantage d\u00e8s aujourd&#039;hui.\" \/>\n<meta property=\"og:url\" content=\"https:\/\/www.alphadentalclinic.ca\/fr\/regime-canadien-de-soins-dentaires\/\" \/>\n<meta property=\"og:site_name\" content=\"Alpha Seaforth Dental Clinic Clinique Dentaire\" \/>\n<meta property=\"article:publisher\" content=\"https:\/\/www.facebook.com\/Alpha-Seaforth-Dental-Clinic-147480715318923\/\" \/>\n<meta property=\"article:modified_time\" content=\"2026-02-23T17:31:02+00:00\" \/>\n<meta property=\"og:image\" content=\"https:\/\/www.alphadentalclinic.ca\/wp-content\/uploads\/2020\/12\/logo.png\" \/>\n\t<meta property=\"og:image:width\" content=\"132\" \/>\n\t<meta property=\"og:image:height\" content=\"67\" \/>\n\t<meta property=\"og:image:type\" content=\"image\/png\" \/>\n<meta name=\"twitter:card\" content=\"summary_large_image\" \/>\n<meta name=\"twitter:label1\" content=\"Dur\u00e9e de lecture estim\u00e9e\" \/>\n\t<meta name=\"twitter:data1\" content=\"3 minutes\" \/>\n<script type=\"application\/ld+json\" class=\"yoast-schema-graph\">{\"@context\":\"https:\\\/\\\/schema.org\",\"@graph\":[{\"@type\":\"WebPage\",\"@id\":\"https:\\\/\\\/www.alphadentalclinic.ca\\\/fr\\\/regime-canadien-de-soins-dentaires\\\/\",\"url\":\"https:\\\/\\\/www.alphadentalclinic.ca\\\/fr\\\/regime-canadien-de-soins-dentaires\\\/\",\"name\":\"R\u00e9gime canadien de soins dentaires - Alpha Dental Clinic\",\"isPartOf\":{\"@id\":\"https:\\\/\\\/www.alphadentalclinic.ca\\\/#website\"},\"datePublished\":\"2024-07-04T10:50:33+00:00\",\"dateModified\":\"2026-02-23T17:31:02+00:00\",\"description\":\"D\u00e9couvrez notre r\u00e9gime de soins dentaires canadien \u00e0 la clinique dentaire Alpha. Nous offrons des solutions de soins dentaires compl\u00e8tes et abordables \u00e0 tous les Canadiens. Apprenez-en davantage d\u00e8s aujourd'hui.\",\"breadcrumb\":{\"@id\":\"https:\\\/\\\/www.alphadentalclinic.ca\\\/fr\\\/regime-canadien-de-soins-dentaires\\\/#breadcrumb\"},\"inLanguage\":\"fr-FR\",\"potentialAction\":[{\"@type\":\"ReadAction\",\"target\":[\"https:\\\/\\\/www.alphadentalclinic.ca\\\/fr\\\/regime-canadien-de-soins-dentaires\\\/\"]}]},{\"@type\":\"BreadcrumbList\",\"@id\":\"https:\\\/\\\/www.alphadentalclinic.ca\\\/fr\\\/regime-canadien-de-soins-dentaires\\\/#breadcrumb\",\"itemListElement\":[{\"@type\":\"ListItem\",\"position\":1,\"name\":\"Home\",\"item\":\"https:\\\/\\\/www.alphadentalclinic.ca\\\/fr\\\/\"},{\"@type\":\"ListItem\",\"position\":2,\"name\":\"R\u00e9gime canadien de soins dentaires\"}]},{\"@type\":\"WebSite\",\"@id\":\"https:\\\/\\\/www.alphadentalclinic.ca\\\/#website\",\"url\":\"https:\\\/\\\/www.alphadentalclinic.ca\\\/\",\"name\":\"Alpha Seaforth Dental Clinic Clinique Dentaire\",\"description\":\"\",\"publisher\":{\"@id\":\"https:\\\/\\\/www.alphadentalclinic.ca\\\/#organization\"},\"potentialAction\":[{\"@type\":\"SearchAction\",\"target\":{\"@type\":\"EntryPoint\",\"urlTemplate\":\"https:\\\/\\\/www.alphadentalclinic.ca\\\/?s={search_term_string}\"},\"query-input\":{\"@type\":\"PropertyValueSpecification\",\"valueRequired\":true,\"valueName\":\"search_term_string\"}}],\"inLanguage\":\"fr-FR\"},{\"@type\":\"Organization\",\"@id\":\"https:\\\/\\\/www.alphadentalclinic.ca\\\/#organization\",\"name\":\"Alpha Seaforth Dental Clinic Clinique Dentaire\",\"url\":\"https:\\\/\\\/www.alphadentalclinic.ca\\\/\",\"logo\":{\"@type\":\"ImageObject\",\"inLanguage\":\"fr-FR\",\"@id\":\"https:\\\/\\\/www.alphadentalclinic.ca\\\/#\\\/schema\\\/logo\\\/image\\\/\",\"url\":\"https:\\\/\\\/www.alphadentalclinic.ca\\\/wp-content\\\/uploads\\\/2020\\\/12\\\/logo.png\",\"contentUrl\":\"https:\\\/\\\/www.alphadentalclinic.ca\\\/wp-content\\\/uploads\\\/2020\\\/12\\\/logo.png\",\"width\":132,\"height\":67,\"caption\":\"Alpha Seaforth Dental Clinic Clinique Dentaire\"},\"image\":{\"@id\":\"https:\\\/\\\/www.alphadentalclinic.ca\\\/#\\\/schema\\\/logo\\\/image\\\/\"},\"sameAs\":[\"https:\\\/\\\/www.facebook.com\\\/Alpha-Seaforth-Dental-Clinic-147480715318923\\\/\",\"https:\\\/\\\/www.youtube.com\\\/watch?v=FFDU7SsdMrQ\",\"https:\\\/\\\/www.linkedin.com\\\/company\\\/18508524\\\/\"]}]}<\/script>\n<!-- \/ Yoast SEO plugin. -->","yoast_head_json":{"title":"R\u00e9gime canadien de soins dentaires - Alpha Dental Clinic","description":"D\u00e9couvrez notre r\u00e9gime de soins dentaires canadien \u00e0 la clinique dentaire Alpha. Nous offrons des solutions de soins dentaires compl\u00e8tes et abordables \u00e0 tous les Canadiens. Apprenez-en davantage d\u00e8s aujourd'hui.","robots":{"index":"index","follow":"follow","max-snippet":"max-snippet:-1","max-image-preview":"max-image-preview:large","max-video-preview":"max-video-preview:-1"},"canonical":"https:\/\/www.alphadentalclinic.ca\/fr\/regime-canadien-de-soins-dentaires\/","og_locale":"fr_FR","og_type":"article","og_title":"R\u00e9gime canadien de soins dentaires - Alpha Dental Clinic","og_description":"D\u00e9couvrez notre r\u00e9gime de soins dentaires canadien \u00e0 la clinique dentaire Alpha. Nous offrons des solutions de soins dentaires compl\u00e8tes et abordables \u00e0 tous les Canadiens. Apprenez-en davantage d\u00e8s aujourd'hui.","og_url":"https:\/\/www.alphadentalclinic.ca\/fr\/regime-canadien-de-soins-dentaires\/","og_site_name":"Alpha Seaforth Dental Clinic Clinique Dentaire","article_publisher":"https:\/\/www.facebook.com\/Alpha-Seaforth-Dental-Clinic-147480715318923\/","article_modified_time":"2026-02-23T17:31:02+00:00","og_image":[{"width":132,"height":67,"url":"https:\/\/www.alphadentalclinic.ca\/wp-content\/uploads\/2020\/12\/logo.png","type":"image\/png"}],"twitter_card":"summary_large_image","twitter_misc":{"Dur\u00e9e de lecture estim\u00e9e":"3 minutes"},"schema":{"@context":"https:\/\/schema.org","@graph":[{"@type":"WebPage","@id":"https:\/\/www.alphadentalclinic.ca\/fr\/regime-canadien-de-soins-dentaires\/","url":"https:\/\/www.alphadentalclinic.ca\/fr\/regime-canadien-de-soins-dentaires\/","name":"R\u00e9gime canadien de soins dentaires - Alpha Dental Clinic","isPartOf":{"@id":"https:\/\/www.alphadentalclinic.ca\/#website"},"datePublished":"2024-07-04T10:50:33+00:00","dateModified":"2026-02-23T17:31:02+00:00","description":"D\u00e9couvrez notre r\u00e9gime de soins dentaires canadien \u00e0 la clinique dentaire Alpha. Nous offrons des solutions de soins dentaires compl\u00e8tes et abordables \u00e0 tous les Canadiens. Apprenez-en davantage d\u00e8s aujourd'hui.","breadcrumb":{"@id":"https:\/\/www.alphadentalclinic.ca\/fr\/regime-canadien-de-soins-dentaires\/#breadcrumb"},"inLanguage":"fr-FR","potentialAction":[{"@type":"ReadAction","target":["https:\/\/www.alphadentalclinic.ca\/fr\/regime-canadien-de-soins-dentaires\/"]}]},{"@type":"BreadcrumbList","@id":"https:\/\/www.alphadentalclinic.ca\/fr\/regime-canadien-de-soins-dentaires\/#breadcrumb","itemListElement":[{"@type":"ListItem","position":1,"name":"Home","item":"https:\/\/www.alphadentalclinic.ca\/fr\/"},{"@type":"ListItem","position":2,"name":"R\u00e9gime canadien de soins dentaires"}]},{"@type":"WebSite","@id":"https:\/\/www.alphadentalclinic.ca\/#website","url":"https:\/\/www.alphadentalclinic.ca\/","name":"Alpha Seaforth Dental Clinic Clinique Dentaire","description":"","publisher":{"@id":"https:\/\/www.alphadentalclinic.ca\/#organization"},"potentialAction":[{"@type":"SearchAction","target":{"@type":"EntryPoint","urlTemplate":"https:\/\/www.alphadentalclinic.ca\/?s={search_term_string}"},"query-input":{"@type":"PropertyValueSpecification","valueRequired":true,"valueName":"search_term_string"}}],"inLanguage":"fr-FR"},{"@type":"Organization","@id":"https:\/\/www.alphadentalclinic.ca\/#organization","name":"Alpha Seaforth Dental Clinic Clinique Dentaire","url":"https:\/\/www.alphadentalclinic.ca\/","logo":{"@type":"ImageObject","inLanguage":"fr-FR","@id":"https:\/\/www.alphadentalclinic.ca\/#\/schema\/logo\/image\/","url":"https:\/\/www.alphadentalclinic.ca\/wp-content\/uploads\/2020\/12\/logo.png","contentUrl":"https:\/\/www.alphadentalclinic.ca\/wp-content\/uploads\/2020\/12\/logo.png","width":132,"height":67,"caption":"Alpha Seaforth Dental Clinic Clinique Dentaire"},"image":{"@id":"https:\/\/www.alphadentalclinic.ca\/#\/schema\/logo\/image\/"},"sameAs":["https:\/\/www.facebook.com\/Alpha-Seaforth-Dental-Clinic-147480715318923\/","https:\/\/www.youtube.com\/watch?v=FFDU7SsdMrQ","https:\/\/www.linkedin.com\/company\/18508524\/"]}]}},"_links":{"self":[{"href":"https:\/\/www.alphadentalclinic.ca\/fr\/wp-json\/wp\/v2\/pages\/15873","targetHints":{"allow":["GET"]}}],"collection":[{"href":"https:\/\/www.alphadentalclinic.ca\/fr\/wp-json\/wp\/v2\/pages"}],"about":[{"href":"https:\/\/www.alphadentalclinic.ca\/fr\/wp-json\/wp\/v2\/types\/page"}],"author":[{"embeddable":true,"href":"https:\/\/www.alphadentalclinic.ca\/fr\/wp-json\/wp\/v2\/users\/4"}],"replies":[{"embeddable":true,"href":"https:\/\/www.alphadentalclinic.ca\/fr\/wp-json\/wp\/v2\/comments?post=15873"}],"version-history":[{"count":3,"href":"https:\/\/www.alphadentalclinic.ca\/fr\/wp-json\/wp\/v2\/pages\/15873\/revisions"}],"predecessor-version":[{"id":15958,"href":"https:\/\/www.alphadentalclinic.ca\/fr\/wp-json\/wp\/v2\/pages\/15873\/revisions\/15958"}],"wp:attachment":[{"href":"https:\/\/www.alphadentalclinic.ca\/fr\/wp-json\/wp\/v2\/media?parent=15873"}],"curies":[{"name":"wp","href":"https:\/\/api.w.org\/{rel}","templated":true}]}}