{"id":15954,"date":"2026-02-23T17:19:56","date_gmt":"2026-02-23T17:19:56","guid":{"rendered":"https:\/\/www.alphadentalclinic.ca\/terms-of-use\/"},"modified":"2026-02-23T17:31:44","modified_gmt":"2026-02-23T17:31:44","slug":"conditions-dutilisation","status":"publish","type":"page","link":"https:\/\/www.alphadentalclinic.ca\/fr\/conditions-dutilisation\/","title":{"rendered":"Conditions d\u2019utilisation"},"content":{"rendered":"<style type=\"text\/css\"> \n#cmsms_row_69f618d7f140c3_43403404 .cmsms_row_outer_parent { \n\tpadding-top: 0px; \n} \n\n#cmsms_row_69f618d7f140c3_43403404 .cmsms_row_outer_parent { \n\tpadding-bottom: 50px; \n} \n\n \n#cmsms_heading_69f618d7f16705_47818495 { \n\ttext-align:left; \n\tmargin-top:0px; \n\tmargin-bottom:20px; \n} \n\n#cmsms_heading_69f618d7f16705_47818495 .cmsms_heading { \n\ttext-align:left; \n} \n\n#cmsms_heading_69f618d7f16705_47818495 .cmsms_heading, #cmsms_heading_69f618d7f16705_47818495 .cmsms_heading a { \n\tfont-weight:bold; \n\tfont-style:normal; \n\tcolor:#00a1e9;\n} \n\n#cmsms_heading_69f618d7f16705_47818495 .cmsms_heading_divider { \n} \n\n<\/style><p><br \/>\n<div id=\"cmsms_row_69f618d7f140c3_43403404\" class=\"cmsms_row cmsms_color_scheme_default\">\n<div class=\"cmsms_row_outer_parent\">\n<div class=\"cmsms_row_outer\">\n<div class=\"cmsms_row_inner\">\n<div class=\"cmsms_row_margin\">\n<div class=\"cmsms_column one_first\">\n\n<div id=\"cmsms_heading_69f618d7f16705_47818495\" class=\"cmsms_heading_wrap cmsms_heading_align_left\">\n\t<h2 class=\"cmsms_heading\">Prenez rendez-vous avec la clinique dentaire Alpha<\/h2>\n<\/div><div class=\"cmsms_text\">\n<p>Nous sommes heureux d\u2019annoncer qu\u2019Alpha Dental Clinic accepte les patients inscrits au R\u00e9gime canadien de soins dentaires (RCSD). Si vous \u00eates d\u00e9j\u00e0 inscrit au RCSD, vous pouvez d\u00e8s maintenant prendre rendez-vous avec nous. Nos dentistes exp\u00e9riment\u00e9s sont l\u00e0 pour vous offrir des soins dentaires de haute qualit\u00e9 couverts par le r\u00e9gime.<\/p>\n<p>Pour planifier votre rendez-vous, visitez notre <a href=\"https:\/\/www.alphadentalclinic.ca\/fr\/contactez-nous\/\" target=\"_blank\" rel=\"noopener\">clinique de Montr\u00e9al<\/a> ou notre <a href=\"https:\/\/www.alphadentalclinic.ca\/contact-dentist-emergency-dental-services-brossard\/\" target=\"_blank\" rel=\"noopener\">clinique de Brossard<\/a>.<\/p>\n<p>Appelez-nous au <a href=\"tel:+14508126888\">(450) 812-6888<\/a> (Brossard) ou au <a href=\"tel:+15149340404\">(514) 934-0404<\/a> (Montr\u00e9al).<\/p>\n<\/div>\n<\/div>\n<\/div>\n<\/div>\n<\/div>\n<\/div>\n<\/div>\n\n","protected":false},"excerpt":{"rendered":"","protected":false},"author":13,"featured_media":0,"parent":0,"menu_order":0,"comment_status":"closed","ping_status":"closed","template":"","meta":{"footnotes":""},"class_list":["post-15954","page","type-page","status-publish","hentry"],"yoast_head":"<!-- This site is optimized with the Yoast SEO plugin v27.3 - https:\/\/yoast.com\/product\/yoast-seo-wordpress\/ -->\n<title>Conditions d\u2019utilisation - Alpha Dental Clinic<\/title>\n<meta name=\"robots\" content=\"index, follow, max-snippet:-1, max-image-preview:large, max-video-preview:-1\" \/>\n<link rel=\"canonical\" href=\"https:\/\/www.alphadentalclinic.ca\/fr\/conditions-dutilisation\/\" \/>\n<meta property=\"og:locale\" content=\"fr_FR\" \/>\n<meta property=\"og:type\" content=\"article\" \/>\n<meta property=\"og:title\" content=\"Conditions d\u2019utilisation - Alpha Dental Clinic\" \/>\n<meta property=\"og:url\" content=\"https:\/\/www.alphadentalclinic.ca\/fr\/conditions-dutilisation\/\" \/>\n<meta property=\"og:site_name\" content=\"Alpha Seaforth Dental Clinic Clinique Dentaire\" \/>\n<meta property=\"article:publisher\" content=\"https:\/\/www.facebook.com\/Alpha-Seaforth-Dental-Clinic-147480715318923\/\" \/>\n<meta property=\"article:modified_time\" content=\"2026-02-23T17:31:44+00:00\" \/>\n<meta property=\"og:image\" content=\"https:\/\/www.alphadentalclinic.ca\/wp-content\/uploads\/2020\/12\/logo.png\" \/>\n\t<meta property=\"og:image:width\" content=\"132\" \/>\n\t<meta property=\"og:image:height\" content=\"67\" \/>\n\t<meta property=\"og:image:type\" content=\"image\/png\" \/>\n<meta name=\"twitter:card\" content=\"summary_large_image\" \/>\n<meta name=\"twitter:label1\" content=\"Dur\u00e9e de lecture estim\u00e9e\" \/>\n\t<meta name=\"twitter:data1\" content=\"1 minute\" \/>\n<script type=\"application\/ld+json\" class=\"yoast-schema-graph\">{\"@context\":\"https:\\\/\\\/schema.org\",\"@graph\":[{\"@type\":\"WebPage\",\"@id\":\"https:\\\/\\\/www.alphadentalclinic.ca\\\/fr\\\/conditions-dutilisation\\\/\",\"url\":\"https:\\\/\\\/www.alphadentalclinic.ca\\\/fr\\\/conditions-dutilisation\\\/\",\"name\":\"Conditions d\u2019utilisation - Alpha Dental Clinic\",\"isPartOf\":{\"@id\":\"https:\\\/\\\/www.alphadentalclinic.ca\\\/#website\"},\"datePublished\":\"2026-02-23T17:19:56+00:00\",\"dateModified\":\"2026-02-23T17:31:44+00:00\",\"breadcrumb\":{\"@id\":\"https:\\\/\\\/www.alphadentalclinic.ca\\\/fr\\\/conditions-dutilisation\\\/#breadcrumb\"},\"inLanguage\":\"fr-FR\",\"potentialAction\":[{\"@type\":\"ReadAction\",\"target\":[\"https:\\\/\\\/www.alphadentalclinic.ca\\\/fr\\\/conditions-dutilisation\\\/\"]}]},{\"@type\":\"BreadcrumbList\",\"@id\":\"https:\\\/\\\/www.alphadentalclinic.ca\\\/fr\\\/conditions-dutilisation\\\/#breadcrumb\",\"itemListElement\":[{\"@type\":\"ListItem\",\"position\":1,\"name\":\"Home\",\"item\":\"https:\\\/\\\/www.alphadentalclinic.ca\\\/fr\\\/\"},{\"@type\":\"ListItem\",\"position\":2,\"name\":\"Conditions d\u2019utilisation\"}]},{\"@type\":\"WebSite\",\"@id\":\"https:\\\/\\\/www.alphadentalclinic.ca\\\/#website\",\"url\":\"https:\\\/\\\/www.alphadentalclinic.ca\\\/\",\"name\":\"Alpha Seaforth Dental Clinic Clinique Dentaire\",\"description\":\"\",\"publisher\":{\"@id\":\"https:\\\/\\\/www.alphadentalclinic.ca\\\/#organization\"},\"potentialAction\":[{\"@type\":\"SearchAction\",\"target\":{\"@type\":\"EntryPoint\",\"urlTemplate\":\"https:\\\/\\\/www.alphadentalclinic.ca\\\/?s={search_term_string}\"},\"query-input\":{\"@type\":\"PropertyValueSpecification\",\"valueRequired\":true,\"valueName\":\"search_term_string\"}}],\"inLanguage\":\"fr-FR\"},{\"@type\":\"Organization\",\"@id\":\"https:\\\/\\\/www.alphadentalclinic.ca\\\/#organization\",\"name\":\"Alpha Seaforth Dental Clinic Clinique Dentaire\",\"url\":\"https:\\\/\\\/www.alphadentalclinic.ca\\\/\",\"logo\":{\"@type\":\"ImageObject\",\"inLanguage\":\"fr-FR\",\"@id\":\"https:\\\/\\\/www.alphadentalclinic.ca\\\/#\\\/schema\\\/logo\\\/image\\\/\",\"url\":\"https:\\\/\\\/www.alphadentalclinic.ca\\\/wp-content\\\/uploads\\\/2020\\\/12\\\/logo.png\",\"contentUrl\":\"https:\\\/\\\/www.alphadentalclinic.ca\\\/wp-content\\\/uploads\\\/2020\\\/12\\\/logo.png\",\"width\":132,\"height\":67,\"caption\":\"Alpha Seaforth Dental Clinic Clinique Dentaire\"},\"image\":{\"@id\":\"https:\\\/\\\/www.alphadentalclinic.ca\\\/#\\\/schema\\\/logo\\\/image\\\/\"},\"sameAs\":[\"https:\\\/\\\/www.facebook.com\\\/Alpha-Seaforth-Dental-Clinic-147480715318923\\\/\",\"https:\\\/\\\/www.youtube.com\\\/watch?v=FFDU7SsdMrQ\",\"https:\\\/\\\/www.linkedin.com\\\/company\\\/18508524\\\/\"]}]}<\/script>\n<!-- \/ Yoast SEO plugin. -->","yoast_head_json":{"title":"Conditions d\u2019utilisation - Alpha Dental Clinic","robots":{"index":"index","follow":"follow","max-snippet":"max-snippet:-1","max-image-preview":"max-image-preview:large","max-video-preview":"max-video-preview:-1"},"canonical":"https:\/\/www.alphadentalclinic.ca\/fr\/conditions-dutilisation\/","og_locale":"fr_FR","og_type":"article","og_title":"Conditions d\u2019utilisation - Alpha Dental Clinic","og_url":"https:\/\/www.alphadentalclinic.ca\/fr\/conditions-dutilisation\/","og_site_name":"Alpha Seaforth Dental Clinic Clinique Dentaire","article_publisher":"https:\/\/www.facebook.com\/Alpha-Seaforth-Dental-Clinic-147480715318923\/","article_modified_time":"2026-02-23T17:31:44+00:00","og_image":[{"width":132,"height":67,"url":"https:\/\/www.alphadentalclinic.ca\/wp-content\/uploads\/2020\/12\/logo.png","type":"image\/png"}],"twitter_card":"summary_large_image","twitter_misc":{"Dur\u00e9e de lecture estim\u00e9e":"1 minute"},"schema":{"@context":"https:\/\/schema.org","@graph":[{"@type":"WebPage","@id":"https:\/\/www.alphadentalclinic.ca\/fr\/conditions-dutilisation\/","url":"https:\/\/www.alphadentalclinic.ca\/fr\/conditions-dutilisation\/","name":"Conditions d\u2019utilisation - Alpha Dental Clinic","isPartOf":{"@id":"https:\/\/www.alphadentalclinic.ca\/#website"},"datePublished":"2026-02-23T17:19:56+00:00","dateModified":"2026-02-23T17:31:44+00:00","breadcrumb":{"@id":"https:\/\/www.alphadentalclinic.ca\/fr\/conditions-dutilisation\/#breadcrumb"},"inLanguage":"fr-FR","potentialAction":[{"@type":"ReadAction","target":["https:\/\/www.alphadentalclinic.ca\/fr\/conditions-dutilisation\/"]}]},{"@type":"BreadcrumbList","@id":"https:\/\/www.alphadentalclinic.ca\/fr\/conditions-dutilisation\/#breadcrumb","itemListElement":[{"@type":"ListItem","position":1,"name":"Home","item":"https:\/\/www.alphadentalclinic.ca\/fr\/"},{"@type":"ListItem","position":2,"name":"Conditions d\u2019utilisation"}]},{"@type":"WebSite","@id":"https:\/\/www.alphadentalclinic.ca\/#website","url":"https:\/\/www.alphadentalclinic.ca\/","name":"Alpha Seaforth Dental Clinic Clinique Dentaire","description":"","publisher":{"@id":"https:\/\/www.alphadentalclinic.ca\/#organization"},"potentialAction":[{"@type":"SearchAction","target":{"@type":"EntryPoint","urlTemplate":"https:\/\/www.alphadentalclinic.ca\/?s={search_term_string}"},"query-input":{"@type":"PropertyValueSpecification","valueRequired":true,"valueName":"search_term_string"}}],"inLanguage":"fr-FR"},{"@type":"Organization","@id":"https:\/\/www.alphadentalclinic.ca\/#organization","name":"Alpha Seaforth Dental Clinic Clinique Dentaire","url":"https:\/\/www.alphadentalclinic.ca\/","logo":{"@type":"ImageObject","inLanguage":"fr-FR","@id":"https:\/\/www.alphadentalclinic.ca\/#\/schema\/logo\/image\/","url":"https:\/\/www.alphadentalclinic.ca\/wp-content\/uploads\/2020\/12\/logo.png","contentUrl":"https:\/\/www.alphadentalclinic.ca\/wp-content\/uploads\/2020\/12\/logo.png","width":132,"height":67,"caption":"Alpha Seaforth Dental Clinic Clinique Dentaire"},"image":{"@id":"https:\/\/www.alphadentalclinic.ca\/#\/schema\/logo\/image\/"},"sameAs":["https:\/\/www.facebook.com\/Alpha-Seaforth-Dental-Clinic-147480715318923\/","https:\/\/www.youtube.com\/watch?v=FFDU7SsdMrQ","https:\/\/www.linkedin.com\/company\/18508524\/"]}]}},"_links":{"self":[{"href":"https:\/\/www.alphadentalclinic.ca\/fr\/wp-json\/wp\/v2\/pages\/15954","targetHints":{"allow":["GET"]}}],"collection":[{"href":"https:\/\/www.alphadentalclinic.ca\/fr\/wp-json\/wp\/v2\/pages"}],"about":[{"href":"https:\/\/www.alphadentalclinic.ca\/fr\/wp-json\/wp\/v2\/types\/page"}],"author":[{"embeddable":true,"href":"https:\/\/www.alphadentalclinic.ca\/fr\/wp-json\/wp\/v2\/users\/13"}],"replies":[{"embeddable":true,"href":"https:\/\/www.alphadentalclinic.ca\/fr\/wp-json\/wp\/v2\/comments?post=15954"}],"version-history":[{"count":3,"href":"https:\/\/www.alphadentalclinic.ca\/fr\/wp-json\/wp\/v2\/pages\/15954\/revisions"}],"predecessor-version":[{"id":15957,"href":"https:\/\/www.alphadentalclinic.ca\/fr\/wp-json\/wp\/v2\/pages\/15954\/revisions\/15957"}],"wp:attachment":[{"href":"https:\/\/www.alphadentalclinic.ca\/fr\/wp-json\/wp\/v2\/media?parent=15954"}],"curies":[{"name":"wp","href":"https:\/\/api.w.org\/{rel}","templated":true}]}}