{"id":5054,"date":"2019-07-02T13:18:35","date_gmt":"2019-07-02T13:18:35","guid":{"rendered":"https:\/\/e11cd8036d.nxcli.net\/?page_id=5054"},"modified":"2026-02-16T21:09:10","modified_gmt":"2026-02-16T21:09:10","slug":"politique-de-confidentialite","status":"publish","type":"page","link":"https:\/\/www.alphadentalclinic.ca\/fr\/politique-de-confidentialite\/","title":{"rendered":"Politique de confidentialit\u00e9"},"content":{"rendered":"<style type=\"text\/css\"><\/style>\n","protected":false},"excerpt":{"rendered":"","protected":false},"author":4,"featured_media":0,"parent":0,"menu_order":0,"comment_status":"closed","ping_status":"closed","template":"","meta":{"footnotes":""},"class_list":["post-5054","page","type-page","status-publish","hentry"],"yoast_head":"<!-- This site is optimized with the Yoast SEO plugin v27.2 - https:\/\/yoast.com\/product\/yoast-seo-wordpress\/ -->\n<title>Politique de confidentialit\u00e9<\/title>\n<meta name=\"description\" content=\"Les renseignements personnels sont ceux qui portent sur une personne physique et permettent de l\u2019identifier. Alpha Seaforth Clinique Dentaire s\u2019impose des mesures strictes de s\u00e9curit\u00e9 et de protection de la vie priv\u00e9e et des renseignements personnels.\" \/>\n<meta name=\"robots\" content=\"noindex, nofollow\" \/>\n<meta property=\"og:locale\" content=\"fr_FR\" \/>\n<meta property=\"og:type\" content=\"article\" \/>\n<meta property=\"og:title\" content=\"Politique de confidentialit\u00e9\" \/>\n<meta property=\"og:description\" content=\"Les renseignements personnels sont ceux qui portent sur une personne physique et permettent de l\u2019identifier. Alpha Seaforth Clinique Dentaire s\u2019impose des mesures strictes de s\u00e9curit\u00e9 et de protection de la vie priv\u00e9e et des renseignements personnels.\" \/>\n<meta property=\"og:url\" content=\"https:\/\/www.alphadentalclinic.ca\/fr\/politique-de-confidentialite\/\" \/>\n<meta property=\"og:site_name\" content=\"Alpha Seaforth Dental Clinic Clinique Dentaire\" \/>\n<meta property=\"article:publisher\" content=\"https:\/\/www.facebook.com\/Alpha-Seaforth-Dental-Clinic-147480715318923\/\" \/>\n<meta property=\"article:modified_time\" content=\"2026-02-16T21:09:10+00:00\" \/>\n<meta property=\"og:image\" content=\"https:\/\/www.alphadentalclinic.ca\/wp-content\/uploads\/2020\/12\/logo.png\" \/>\n\t<meta property=\"og:image:width\" content=\"132\" \/>\n\t<meta property=\"og:image:height\" content=\"67\" \/>\n\t<meta property=\"og:image:type\" content=\"image\/png\" \/>\n<meta name=\"twitter:card\" content=\"summary_large_image\" \/>\n<script type=\"application\/ld+json\" class=\"yoast-schema-graph\">{\"@context\":\"https:\/\/schema.org\",\"@graph\":[{\"@type\":\"WebPage\",\"@id\":\"https:\/\/www.alphadentalclinic.ca\/fr\/politique-de-confidentialite\/\",\"url\":\"https:\/\/www.alphadentalclinic.ca\/fr\/politique-de-confidentialite\/\",\"name\":\"Politique de confidentialit\u00e9\",\"isPartOf\":{\"@id\":\"https:\/\/www.alphadentalclinic.ca\/#website\"},\"datePublished\":\"2019-07-02T13:18:35+00:00\",\"dateModified\":\"2026-02-16T21:09:10+00:00\",\"description\":\"Les renseignements personnels sont ceux qui portent sur une personne physique et permettent de l\u2019identifier. Alpha Seaforth Clinique Dentaire s\u2019impose des mesures strictes de s\u00e9curit\u00e9 et de protection de la vie priv\u00e9e et des renseignements personnels.\",\"breadcrumb\":{\"@id\":\"https:\/\/www.alphadentalclinic.ca\/fr\/politique-de-confidentialite\/#breadcrumb\"},\"inLanguage\":\"fr-FR\",\"potentialAction\":[{\"@type\":\"ReadAction\",\"target\":[\"https:\/\/www.alphadentalclinic.ca\/fr\/politique-de-confidentialite\/\"]}]},{\"@type\":\"BreadcrumbList\",\"@id\":\"https:\/\/www.alphadentalclinic.ca\/fr\/politique-de-confidentialite\/#breadcrumb\",\"itemListElement\":[{\"@type\":\"ListItem\",\"position\":1,\"name\":\"Home\",\"item\":\"https:\/\/www.alphadentalclinic.ca\/fr\/\"},{\"@type\":\"ListItem\",\"position\":2,\"name\":\"Politique de confidentialit\u00e9\"}]},{\"@type\":\"WebSite\",\"@id\":\"https:\/\/www.alphadentalclinic.ca\/#website\",\"url\":\"https:\/\/www.alphadentalclinic.ca\/\",\"name\":\"Alpha Seaforth Dental Clinic Clinique Dentaire\",\"description\":\"\",\"publisher\":{\"@id\":\"https:\/\/www.alphadentalclinic.ca\/#organization\"},\"potentialAction\":[{\"@type\":\"SearchAction\",\"target\":{\"@type\":\"EntryPoint\",\"urlTemplate\":\"https:\/\/www.alphadentalclinic.ca\/?s={search_term_string}\"},\"query-input\":{\"@type\":\"PropertyValueSpecification\",\"valueRequired\":true,\"valueName\":\"search_term_string\"}}],\"inLanguage\":\"fr-FR\"},{\"@type\":\"Organization\",\"@id\":\"https:\/\/www.alphadentalclinic.ca\/#organization\",\"name\":\"Alpha Seaforth Dental Clinic Clinique Dentaire\",\"url\":\"https:\/\/www.alphadentalclinic.ca\/\",\"logo\":{\"@type\":\"ImageObject\",\"inLanguage\":\"fr-FR\",\"@id\":\"https:\/\/www.alphadentalclinic.ca\/#\/schema\/logo\/image\/\",\"url\":\"https:\/\/www.alphadentalclinic.ca\/wp-content\/uploads\/2020\/12\/logo.png\",\"contentUrl\":\"https:\/\/www.alphadentalclinic.ca\/wp-content\/uploads\/2020\/12\/logo.png\",\"width\":132,\"height\":67,\"caption\":\"Alpha Seaforth Dental Clinic Clinique Dentaire\"},\"image\":{\"@id\":\"https:\/\/www.alphadentalclinic.ca\/#\/schema\/logo\/image\/\"},\"sameAs\":[\"https:\/\/www.facebook.com\/Alpha-Seaforth-Dental-Clinic-147480715318923\/\",\"https:\/\/www.youtube.com\/watch?v=FFDU7SsdMrQ\",\"https:\/\/www.linkedin.com\/company\/18508524\/\"]}]}<\/script>\n<!-- \/ Yoast SEO plugin. -->","yoast_head_json":{"title":"Politique de confidentialit\u00e9","description":"Les renseignements personnels sont ceux qui portent sur une personne physique et permettent de l\u2019identifier. Alpha Seaforth Clinique Dentaire s\u2019impose des mesures strictes de s\u00e9curit\u00e9 et de protection de la vie priv\u00e9e et des renseignements personnels.","robots":{"index":"noindex","follow":"nofollow"},"og_locale":"fr_FR","og_type":"article","og_title":"Politique de confidentialit\u00e9","og_description":"Les renseignements personnels sont ceux qui portent sur une personne physique et permettent de l\u2019identifier. Alpha Seaforth Clinique Dentaire s\u2019impose des mesures strictes de s\u00e9curit\u00e9 et de protection de la vie priv\u00e9e et des renseignements personnels.","og_url":"https:\/\/www.alphadentalclinic.ca\/fr\/politique-de-confidentialite\/","og_site_name":"Alpha Seaforth Dental Clinic Clinique Dentaire","article_publisher":"https:\/\/www.facebook.com\/Alpha-Seaforth-Dental-Clinic-147480715318923\/","article_modified_time":"2026-02-16T21:09:10+00:00","og_image":[{"width":132,"height":67,"url":"https:\/\/www.alphadentalclinic.ca\/wp-content\/uploads\/2020\/12\/logo.png","type":"image\/png"}],"twitter_card":"summary_large_image","schema":{"@context":"https:\/\/schema.org","@graph":[{"@type":"WebPage","@id":"https:\/\/www.alphadentalclinic.ca\/fr\/politique-de-confidentialite\/","url":"https:\/\/www.alphadentalclinic.ca\/fr\/politique-de-confidentialite\/","name":"Politique de confidentialit\u00e9","isPartOf":{"@id":"https:\/\/www.alphadentalclinic.ca\/#website"},"datePublished":"2019-07-02T13:18:35+00:00","dateModified":"2026-02-16T21:09:10+00:00","description":"Les renseignements personnels sont ceux qui portent sur une personne physique et permettent de l\u2019identifier. Alpha Seaforth Clinique Dentaire s\u2019impose des mesures strictes de s\u00e9curit\u00e9 et de protection de la vie priv\u00e9e et des renseignements personnels.","breadcrumb":{"@id":"https:\/\/www.alphadentalclinic.ca\/fr\/politique-de-confidentialite\/#breadcrumb"},"inLanguage":"fr-FR","potentialAction":[{"@type":"ReadAction","target":["https:\/\/www.alphadentalclinic.ca\/fr\/politique-de-confidentialite\/"]}]},{"@type":"BreadcrumbList","@id":"https:\/\/www.alphadentalclinic.ca\/fr\/politique-de-confidentialite\/#breadcrumb","itemListElement":[{"@type":"ListItem","position":1,"name":"Home","item":"https:\/\/www.alphadentalclinic.ca\/fr\/"},{"@type":"ListItem","position":2,"name":"Politique de confidentialit\u00e9"}]},{"@type":"WebSite","@id":"https:\/\/www.alphadentalclinic.ca\/#website","url":"https:\/\/www.alphadentalclinic.ca\/","name":"Alpha Seaforth Dental Clinic Clinique Dentaire","description":"","publisher":{"@id":"https:\/\/www.alphadentalclinic.ca\/#organization"},"potentialAction":[{"@type":"SearchAction","target":{"@type":"EntryPoint","urlTemplate":"https:\/\/www.alphadentalclinic.ca\/?s={search_term_string}"},"query-input":{"@type":"PropertyValueSpecification","valueRequired":true,"valueName":"search_term_string"}}],"inLanguage":"fr-FR"},{"@type":"Organization","@id":"https:\/\/www.alphadentalclinic.ca\/#organization","name":"Alpha Seaforth Dental Clinic Clinique Dentaire","url":"https:\/\/www.alphadentalclinic.ca\/","logo":{"@type":"ImageObject","inLanguage":"fr-FR","@id":"https:\/\/www.alphadentalclinic.ca\/#\/schema\/logo\/image\/","url":"https:\/\/www.alphadentalclinic.ca\/wp-content\/uploads\/2020\/12\/logo.png","contentUrl":"https:\/\/www.alphadentalclinic.ca\/wp-content\/uploads\/2020\/12\/logo.png","width":132,"height":67,"caption":"Alpha Seaforth Dental Clinic Clinique Dentaire"},"image":{"@id":"https:\/\/www.alphadentalclinic.ca\/#\/schema\/logo\/image\/"},"sameAs":["https:\/\/www.facebook.com\/Alpha-Seaforth-Dental-Clinic-147480715318923\/","https:\/\/www.youtube.com\/watch?v=FFDU7SsdMrQ","https:\/\/www.linkedin.com\/company\/18508524\/"]}]}},"_links":{"self":[{"href":"https:\/\/www.alphadentalclinic.ca\/fr\/wp-json\/wp\/v2\/pages\/5054","targetHints":{"allow":["GET"]}}],"collection":[{"href":"https:\/\/www.alphadentalclinic.ca\/fr\/wp-json\/wp\/v2\/pages"}],"about":[{"href":"https:\/\/www.alphadentalclinic.ca\/fr\/wp-json\/wp\/v2\/types\/page"}],"author":[{"embeddable":true,"href":"https:\/\/www.alphadentalclinic.ca\/fr\/wp-json\/wp\/v2\/users\/4"}],"replies":[{"embeddable":true,"href":"https:\/\/www.alphadentalclinic.ca\/fr\/wp-json\/wp\/v2\/comments?post=5054"}],"version-history":[{"count":3,"href":"https:\/\/www.alphadentalclinic.ca\/fr\/wp-json\/wp\/v2\/pages\/5054\/revisions"}],"predecessor-version":[{"id":15948,"href":"https:\/\/www.alphadentalclinic.ca\/fr\/wp-json\/wp\/v2\/pages\/5054\/revisions\/15948"}],"wp:attachment":[{"href":"https:\/\/www.alphadentalclinic.ca\/fr\/wp-json\/wp\/v2\/media?parent=5054"}],"curies":[{"name":"wp","href":"https:\/\/api.w.org\/{rel}","templated":true}]}}